{"id":3041,"date":"2024-10-15T23:06:54","date_gmt":"2024-10-15T21:06:54","guid":{"rendered":"https:\/\/www.teslaestorage.eu\/ustawienia-plikow-cookie\/"},"modified":"2024-10-23T13:26:58","modified_gmt":"2024-10-23T11:26:58","slug":"ustawienia-plikow-cookie","status":"publish","type":"page","link":"https:\/\/www.teslaestorage.eu\/pl\/ustawienia-plikow-cookie\/","title":{"rendered":"Ustawienia plik\u00f3w cookie"},"content":{"rendered":"\n<p><strong>Zgoda u\u017cytkownika dotyczy nast\u0119puj\u0105cych obszar\u00f3w: www.teslaeg.eu<\/strong><\/p>\n\n<p>Strona internetowa <strong>Tesla Energy Group <\/strong>korzysta z plik\u00f3w cookie. U\u017cywamy plik\u00f3w cookie do personalizowania tre\u015bci i reklam, udost\u0119pniania funkcji medi\u00f3w spo\u0142eczno\u015bciowych, analizowania ruchu i ulepszania witryny. Przekazujemy r\u00f3wnie\u017c informacje o sposobie korzystania z naszej witryny naszym partnerom w zakresie medi\u00f3w spo\u0142eczno\u015bciowych, reklamy i analizy. Partnerzy ci mog\u0105 \u0142\u0105czy\u0107 odpowiednie informacje z innymi informacjami przekazanymi im przez u\u017cytkownika lub zebranymi od u\u017cytkownika podczas korzystania z ich us\u0142ug. Kontynuuj\u0105c korzystanie z naszej strony internetowej, u\u017cytkownik wyra\u017ca zgod\u0119 na korzystanie z plik\u00f3w cookie na naszej stronie.    <\/p>\n\n<p>Pliki cookie to ma\u0142e pliki tekstowe, kt\u00f3re mog\u0105 by\u0107 u\u017cywane przez strony internetowe w celu usprawnienia obs\u0142ugi u\u017cytkownika.<\/p>\n\n<p>Zgodnie z prawem mo\u017cemy przechowywa\u0107 pliki cookie na urz\u0105dzeniu u\u017cytkownika, je\u015bli s\u0105 one niezb\u0119dne do dzia\u0142ania tej witryny. W przypadku wszystkich innych rodzaj\u00f3w plik\u00f3w cookie wymagana jest zgoda u\u017cytkownika. <\/p>\n\n<p>Ta strona wykorzystuje r\u00f3\u017cne rodzaje plik\u00f3w cookie. Niekt\u00f3re pliki cookie s\u0105 umieszczane tutaj przez us\u0142ugi stron trzecich, kt\u00f3re pojawiaj\u0105 si\u0119 na naszej stronie. <\/p>\n\n<p>U\u017cytkownik mo\u017ce zmieni\u0107 lub wycofa\u0107 swoj\u0105 zgod\u0119 na Polityk\u0119 plik\u00f3w cookie w dowolnym momencie na naszej stronie internetowej.<\/p>\n\n<p>Dowiedz si\u0119 wi\u0119cej o tym, kim jeste\u015bmy, jak mo\u017cesz si\u0119 z nami skontaktowa\u0107 i jak przetwarzamy dane osobowe w naszej <a href=\"https:\/\/www.teslaestorage.eu\/ochrana-sukromia\/\" target=\"_blank\" rel=\"noreferrer noopener\">polityce prywatno\u015bci<\/a>.<\/p>\n\n<p>Niezb\u0119dny (6)<\/p>\n\n<p>Niezb\u0119dne pliki cookie umo\u017cliwiaj\u0105 dzia\u0142anie podstawowych funkcji, takich jak nawigacja w witrynie i dost\u0119p do chronionych obszar\u00f3w witryny. Witryna nie mo\u017ce dzia\u0142a\u0107 prawid\u0142owo bez tych plik\u00f3w cookie. <\/p>\n\n<figure class=\"wp-block-table\"><table class=\"has-fixed-layout\"><thead><tr><td><strong>Nazwa<\/strong><\/td><td><strong>Dostawca<\/strong><\/td><td><strong>Cel<\/strong><\/td><td><strong>Wa\u017cno\u015b\u0107 do<\/strong><\/td><td><strong>Typ<\/strong><\/td><\/tr><\/thead><tbody><tr><td>_grecaptcha<\/td><td>teslaeg.eu<\/td><td>Ten plik cookie s\u0142u\u017cy do odr\u00f3\u017cniania ludzi od robot\u00f3w. To rozr\u00f3\u017cnienie jest niezb\u0119dne dla dok\u0142adno\u015bci i trafno\u015bci oceny danych analitycznych i marketingowych. <\/td><td>Trwa\u0142y<\/td><td>Lokalna pami\u0119\u0107 masowa HTML<\/td><\/tr><tr><td>ZGODA  [x2]<\/td><td>google.com<br\/>youtube.com<\/td><td>S\u0142u\u017cy do okre\u015blenia, czy odwiedzaj\u0105cy zaakceptowa\u0142 kategori\u0119 marketingow\u0105 na pasku plik\u00f3w cookie. Ten plik cookie jest niezb\u0119dny do zapewnienia zgodno\u015bci z RODO. <\/td><td>2 lata<\/td><td>Plik cookie HTTP<\/td><\/tr><tr><td>RealCookies<\/td><td>teslaeg.eu<\/td><td>Przechowuje status zgody u\u017cytkownika na pliki cookie dla bie\u017c\u0105cej domeny.<\/td><td>1 rok<\/td><td>Plik cookie HTTP<\/td><\/tr><tr><td>rc::a<\/td><td>google.com<\/td><td>Ten plik cookie s\u0142u\u017cy do odr\u00f3\u017cniania ludzi od robot\u00f3w. To rozr\u00f3\u017cnienie jest niezb\u0119dne dla dok\u0142adno\u015bci i trafno\u015bci oceny danych analitycznych i marketingowych. <\/td><td>Trwa\u0142y<\/td><td>Lokalna pami\u0119\u0107 masowa HTML<\/td><\/tr><tr><td>rc::b<\/td><td>google.com<\/td><td>Ten plik cookie s\u0142u\u017cy do odr\u00f3\u017cniania ludzi od robot\u00f3w.<\/td><td>Sesja<\/td><td>Lokalna pami\u0119\u0107 masowa HTML<\/td><\/tr><\/tbody><\/table><\/figure>\n\n<p>Statystyczny (5)<\/p>\n\n<p>Statystyczne pliki cookie pomagaj\u0105 nam lepiej zrozumie\u0107, kto odwiedza nasz\u0105 witryn\u0119, a tak\u017ce kt\u00f3re strony s\u0105 najcz\u0119\u015bciej wyszukiwane i przegl\u0105dane.<\/p>\n\n<figure class=\"wp-block-table\"><table class=\"has-fixed-layout\"><thead><tr><td><strong>Nazwa<\/strong><\/td><td><strong>Dostawca<\/strong><\/td><td><strong>Cel<\/strong><\/td><td><strong>Wa\u017cno\u015b\u0107 do<\/strong><\/td><td><strong>Typ<\/strong><\/td><\/tr><\/thead><tbody><tr><td>_ga<\/td><td>teslaeg.eu<\/td><td>Rejestruje unikalny identyfikator, kt\u00f3ry jest u\u017cywany do generowania statystyk dotycz\u0105cych sposobu korzystania z witryny przez odwiedzaj\u0105cego.<\/td><td>399 dni<\/td><td>Plik cookie HTTP<\/td><\/tr><tr><td>_ga_#<\/td><td>teslaeg.eu<\/td><td>Jest on wykorzystywany w Google Analytics do gromadzenia danych na temat liczby wizyt u\u017cytkownika na stronie internetowej, a tak\u017ce dat pierwszej i ostatniej wizyty.<\/td><td>399 dni<\/td><td>Plik cookie HTTP<\/td><\/tr><tr><td>_gat<\/td><td>teslaeg.eu<\/td><td>U\u017cywany przez Google Analytics w celu zmniejszenia liczby \u017c\u0105da\u0144.<\/td><td>1 dzie\u0144<\/td><td>Plik cookie HTTP<\/td><\/tr><tr><td>_gid<\/td><td>teslaeg.eu<\/td><td>Rejestruje unikalny identyfikator, kt\u00f3ry jest u\u017cywany do generowania statystyk dotycz\u0105cych sposobu korzystania z witryny przez odwiedzaj\u0105cego.<\/td><td>1 dzie\u0144<\/td><td>Plik cookie HTTP<\/td><\/tr><tr><td>zbiera\u0107<\/td><td>google-analytics.com<\/td><td>S\u0142u\u017cy do wysy\u0142ania danych do Google Analytics na temat urz\u0105dzenia i zachowania odwiedzaj\u0105cego. \u015aledzi odwiedzaj\u0105cego na r\u00f3\u017cnych urz\u0105dzeniach i kana\u0142ach marketingowych. <\/td><td>Sesja<\/td><td>Pixel Tracker<\/td><\/tr><\/tbody><\/table><\/figure>\n\n<p>Marketing (22)<\/p>\n\n<p>Marketingowe pliki cookie s\u0142u\u017c\u0105 do wy\u015bwietlania reklam i ofert, kt\u00f3re s\u0105 odpowiednie i anga\u017cuj\u0105ce dla poszczeg\u00f3lnych u\u017cytkownik\u00f3w.<\/p>\n\n<figure class=\"wp-block-table\"><table class=\"has-fixed-layout\"><thead><tr><td><strong>Nazwa<\/strong><\/td><td><strong>Dostawca<\/strong><\/td><td><strong>Cel<\/strong><\/td><td><strong>Wa\u017cno\u015b\u0107 do<\/strong><\/td><td><strong>Typ<\/strong><\/td><\/tr><\/thead><tbody><tr><td>_fbp<\/td><td>teslaeg.eu<\/td><td>Jest on wykorzystywany przez Facebooka do dostarczania szeregu produkt\u00f3w reklamowych, takich jak oferty w czasie rzeczywistym od zewn\u0119trznych reklamodawc\u00f3w.<\/td><td>3 miesi\u0105ce<\/td><td>Plik cookie HTTP<\/td><\/tr><tr><td>_gcl_au<\/td><td>teslaeg.eu<\/td><td>Jest on wykorzystywany przez Google AdSense do eksperymentowania ze skuteczno\u015bci\u0105 reklam na stronach internetowych korzystaj\u0105cych z ich us\u0142ugi.<\/td><td>3 miesi\u0105ce<\/td><td>Plik cookie HTTP<\/td><\/tr><tr><td>_GRECAPTCHA<\/td><td>google.com<\/td><td>Ten plik cookie s\u0142u\u017cy do odr\u00f3\u017cniania ludzi od robot\u00f3w. To rozr\u00f3\u017cnienie jest niezb\u0119dne dla dok\u0142adno\u015bci i trafno\u015bci oceny danych analitycznych i marketingowych. <\/td><td>179 dni<\/td><td>Plik cookie HTTP<\/td><\/tr><tr><td>IDE<\/td><td>doubleclick.net<\/td><td>Jest on wykorzystywany przez Google DoubleClick do rejestrowania i raportowania dzia\u0142a\u0144 u\u017cytkownika witryny po wy\u015bwietleniu lub klikni\u0119ciu jednej z reklam reklamodawcy w celu pomiaru skuteczno\u015bci reklamy i prezentowania u\u017cytkownikowi ukierunkowanych reklam.<\/td><td>1 rok<\/td><td>Plik cookie HTTP<\/td><\/tr><tr><td>pagead\/1p-user-list\/#<\/td><td>google.com<\/td><td>\u015aledzi, czy u\u017cytkownik wyrazi\u0142 zainteresowanie okre\u015blonymi produktami lub wydarzeniami na wielu stronach internetowych i wykrywa, w jaki spos\u00f3b u\u017cytkownik porusza si\u0119 mi\u0119dzy stronami. S\u0142u\u017cy do mierzenia wysi\u0142k\u00f3w reklamowych i u\u0142atwia uiszczanie op\u0142at za polecanie mi\u0119dzy witrynami. <\/td><td>Sesja<\/td><td>Pixel Tracker<\/td><\/tr><tr><td>przywo\u0142ywanie  [x2]<\/td><td>doubleclick.net<br\/>google.com<\/td><td>Gromadzi dane o zachowaniu odwiedzaj\u0105cych z wielu witryn w celu prezentowania bardziej trafnych reklam. Pozwala r\u00f3wnie\u017c ograniczy\u0107 liczb\u0119 wy\u015bwietle\u0144 tej samej reklamy. <\/td><td>Sesja<\/td><td>Pixel Tracker<\/td><\/tr><tr><td>rc::c<\/td><td>google.com<\/td><td>Ten plik cookie s\u0142u\u017cy do odr\u00f3\u017cniania ludzi od robot\u00f3w.<\/td><td>Sesja<\/td><td>Lokalna pami\u0119\u0107 masowa HTML<\/td><\/tr><tr><td>rc::f<\/td><td>google.com<\/td><td>Oczekuje na zatwierdzenie<\/td><td>Trwa\u0142y<\/td><td>Lokalna pami\u0119\u0107 masowa HTML<\/td><\/tr><tr><td>test_cookie<\/td><td>doubleclick.net<\/td><td>S\u0142u\u017cy do sprawdzania, czy przegl\u0105darka u\u017cytkownika obs\u0142uguje pliki cookie.<\/td><td>1 dzie\u0144<\/td><td>Plik cookie HTTP<\/td><\/tr><tr><td>VISITOR_INFO1_LIVE<\/td><td>youtube.com<\/td><td>Pr\u00f3buje oszacowa\u0107 przepustowo\u015b\u0107 u\u017cytkownik\u00f3w na stronach ze zintegrowanymi filmami z YouTube.<\/td><td>179 dni<\/td><td>Plik cookie HTTP<\/td><\/tr><tr><td>YSC<\/td><td>youtube.com<\/td><td>Rejestruje unikalny identyfikator w celu prowadzenia statystyk dotycz\u0105cych film\u00f3w ogl\u0105danych przez u\u017cytkownika w serwisie YouTube.<\/td><td>Sesja<\/td><td>Plik cookie HTTP<\/td><\/tr><tr><td>yt.innertube::nextId<\/td><td>youtube.com<\/td><td>Rejestruje unikalny identyfikator w celu prowadzenia statystyk dotycz\u0105cych film\u00f3w z YouTube, kt\u00f3re u\u017cytkownik obejrza\u0142.<\/td><td>Trwa\u0142y<\/td><td>Lokalna pami\u0119\u0107 masowa HTML<\/td><\/tr><tr><td>yt.innertube::requests<\/td><td>youtube.com<\/td><td>Rejestruje unikalny identyfikator w celu prowadzenia statystyk dotycz\u0105cych film\u00f3w z YouTube, kt\u00f3re u\u017cytkownik obejrza\u0142.<\/td><td>Trwa\u0142y<\/td><td>Lokalna pami\u0119\u0107 masowa HTML<\/td><\/tr><tr><td>ytidb::LAST_RESULT_ENTRY_KEY<\/td><td>youtube.com<\/td><td>Zapisuje preferencje odtwarzacza wideo u\u017cytkownika przy u\u017cyciu osadzonego wideo YouTube<\/td><td>Trwa\u0142y<\/td><td>Lokalna pami\u0119\u0107 masowa HTML<\/td><\/tr><tr><td>yt-remote-cast-available<\/td><td>youtube.com<\/td><td>Zapisuje preferencje odtwarzacza wideo u\u017cytkownika przy u\u017cyciu osadzonego wideo YouTube<\/td><td>Sesja<\/td><td>Lokalna pami\u0119\u0107 masowa HTML<\/td><\/tr><tr><td>yt-remote-cast-installed<\/td><td>youtube.com<\/td><td>Zapisuje preferencje odtwarzacza wideo u\u017cytkownika przy u\u017cyciu osadzonego wideo YouTube<\/td><td>Sesja<\/td><td>Lokalna pami\u0119\u0107 masowa HTML<\/td><\/tr><tr><td>yt-remote-connected-devices<\/td><td>youtube.com<\/td><td>Zapisuje preferencje odtwarzacza wideo u\u017cytkownika przy u\u017cyciu osadzonego wideo YouTube<\/td><td>Trwa\u0142y<\/td><td>Lokalna pami\u0119\u0107 masowa HTML<\/td><\/tr><tr><td>yt-remote-device-id<\/td><td>youtube.com<\/td><td>Zapisuje preferencje odtwarzacza wideo u\u017cytkownika przy u\u017cyciu osadzonego wideo YouTube<\/td><td>Trwa\u0142y<\/td><td>Lokalna pami\u0119\u0107 masowa HTML<\/td><\/tr><tr><td>yt-remote-fast-check-period<\/td><td>youtube.com<\/td><td>Zapisuje preferencje odtwarzacza wideo u\u017cytkownika przy u\u017cyciu osadzonego wideo YouTube<\/td><td>Sesja<\/td><td>Lokalna pami\u0119\u0107 masowa HTML<\/td><\/tr><tr><td>yt-remote-session-app<\/td><td>youtube.com<\/td><td>Zapisuje preferencje odtwarzacza wideo u\u017cytkownika przy u\u017cyciu osadzonego wideo YouTube<\/td><td>Sesja<\/td><td>Lokalna pami\u0119\u0107 masowa HTML<\/td><\/tr><tr><td>yt-remote-session-name<\/td><td>youtube.com<\/td><td>Zapisuje preferencje odtwarzacza wideo u\u017cytkownika przy u\u017cyciu osadzonego wideo YouTube<\/td><td>Sesja<\/td><td>Lokalna pami\u0119\u0107 masowa HTML<\/td><\/tr><\/tbody><\/table><\/figure>\n\n<p>www<\/p>\n\n<p><strong>Analityczne pliki cookie<\/strong><\/p>\n\n<p>U\u017cywamy tych plik\u00f3w wy\u0142\u0105cznie do wewn\u0119trznych bada\u0144 nad tym, jak mo\u017cemy ulepszy\u0107 us\u0142ugi \u015bwiadczone wszystkim naszym u\u017cytkownikom.<\/p>\n\n<p>Te pliki cookie oceniaj\u0105 jedynie spos\u00f3b interakcji z nasz\u0105 witryn\u0105 &#8211; jako anonimowy u\u017cytkownik<strong>(zebrane dane nie identyfikuj\u0105 u\u017cytkownika<\/strong>).<\/p>\n\n<p>Dane te <strong>nie s\u0105 ujawniane stronom trzecim<\/strong> ani wykorzystywane do \u017cadnych innych cel\u00f3w. Zanonimizowane dane statystyczne mog\u0105 by\u0107 przekazywane wykonawcom pracuj\u0105cym nad projektami komunikacyjnymi na podstawie umowy z Komisj\u0105. <\/p>\n\n<p><strong>U\u017cytkownik mo\u017ce jednak odrzuci\u0107<\/strong> tego rodzaju pliki cookie, korzystaj\u0105c z banera plik\u00f3w cookie wy\u015bwietlanego na pierwszej odwiedzanej stronie<\/p>\n\n<p><strong>Jak zarz\u0105dza\u0107 plikami cookie?<\/strong><\/p>\n\n<p><strong>Usuwanie plik\u00f3w cookie z urz\u0105dzenia<\/strong><\/p>\n\n<p>Czyszcz\u0105c histori\u0119 przegl\u0105dania w przegl\u0105darce, mo\u017cna usun\u0105\u0107 wszelkie pliki cookie, kt\u00f3re ju\u017c znajduj\u0105 si\u0119 na urz\u0105dzeniu. Spowoduje to usuni\u0119cie wszystkich plik\u00f3w cookie ze wszystkich odwiedzanych witryn. <\/p>\n\n<p>Nale\u017cy jednak pami\u0119ta\u0107, \u017ce u\u017cytkownik mo\u017ce r\u00f3wnie\u017c utraci\u0107 niekt\u00f3re z przechowywanych informacji (np. zapisane dane logowania, preferencje witryny).<\/p>\n\n<p><strong>Zarz\u0105dzanie plikami cookie specyficznymi dla witryny<\/strong><\/p>\n\n<p>Aby uzyska\u0107 bardziej szczeg\u00f3\u0142owe informacje na temat plik\u00f3w cookie, kt\u00f3re s\u0105 specyficzne dla konkretnej witryny internetowej, nale\u017cy sprawdzi\u0107 ustawienia prywatno\u015bci i plik\u00f3w cookie w ulubionej przegl\u0105darce.<\/p>\n\n<p><strong>Blokowanie plik\u00f3w cookie<\/strong><\/p>\n\n<p>Wi\u0119kszo\u015b\u0107 nowoczesnych przegl\u0105darek mo\u017cna ustawi\u0107 tak, aby uniemo\u017cliwi\u0107 przechowywanie wszystkich plik\u00f3w cookie na urz\u0105dzeniu; jednak w takim przypadku mo\u017ce by\u0107 konieczne r\u0119czne dostosowanie niekt\u00f3rych preferencji za ka\u017cdym razem, gdy odwiedzasz witryn\u0119 \/ stron\u0119 internetow\u0105. Ponadto niekt\u00f3re us\u0142ugi i funkcje mog\u0105 nie dzia\u0142a\u0107 prawid\u0142owo (np. logowanie do profilu). <\/p>\n\n<p><strong>Zarz\u0105dzanie analitycznymi plikami cookie<\/strong><\/p>\n\n<p>U\u017cytkownik mo\u017ce zarz\u0105dza\u0107 swoimi preferencjami dotycz\u0105cymi plik\u00f3w cookie przechowywanych przez Europa Analytics na specjalnej stronie<\/p>\n","protected":false},"excerpt":{"rendered":"<p>Zgoda u\u017cytkownika dotyczy nast\u0119puj\u0105cych obszar\u00f3w: www.teslaeg.eu Strona internetowa Tesla Energy Group korzysta z plik\u00f3w cookie. U\u017cywamy plik\u00f3w cookie do personalizowania tre\u015bci i reklam, udost\u0119pniania funkcji medi\u00f3w spo\u0142eczno\u015bciowych, analizowania ruchu i ulepszania witryny. Przekazujemy r\u00f3wnie\u017c informacje o sposobie korzystania z naszej witryny naszym partnerom w zakresie medi\u00f3w spo\u0142eczno\u015bciowych, reklamy i analizy. Partnerzy ci mog\u0105 \u0142\u0105czy\u0107 odpowiednie [&hellip;]<\/p>\n","protected":false},"author":2,"featured_media":0,"parent":0,"menu_order":0,"comment_status":"closed","ping_status":"closed","template":"","meta":{"footnotes":""},"class_list":["post-3041","page","type-page","status-publish","hentry"],"acf":[],"_links":{"self":[{"href":"https:\/\/www.teslaestorage.eu\/pl\/wp-json\/wp\/v2\/pages\/3041","targetHints":{"allow":["GET"]}}],"collection":[{"href":"https:\/\/www.teslaestorage.eu\/pl\/wp-json\/wp\/v2\/pages"}],"about":[{"href":"https:\/\/www.teslaestorage.eu\/pl\/wp-json\/wp\/v2\/types\/page"}],"author":[{"embeddable":true,"href":"https:\/\/www.teslaestorage.eu\/pl\/wp-json\/wp\/v2\/users\/2"}],"replies":[{"embeddable":true,"href":"https:\/\/www.teslaestorage.eu\/pl\/wp-json\/wp\/v2\/comments?post=3041"}],"version-history":[{"count":2,"href":"https:\/\/www.teslaestorage.eu\/pl\/wp-json\/wp\/v2\/pages\/3041\/revisions"}],"predecessor-version":[{"id":3193,"href":"https:\/\/www.teslaestorage.eu\/pl\/wp-json\/wp\/v2\/pages\/3041\/revisions\/3193"}],"wp:attachment":[{"href":"https:\/\/www.teslaestorage.eu\/pl\/wp-json\/wp\/v2\/media?parent=3041"}],"curies":[{"name":"wp","href":"https:\/\/api.w.org\/{rel}","templated":true}]}}