{"id":2856,"date":"2024-09-23T15:07:56","date_gmt":"2024-09-23T13:07:56","guid":{"rendered":"https:\/\/www.teslaestorage.eu\/kalkulacka-uspornosti\/"},"modified":"2025-10-29T20:32:43","modified_gmt":"2025-10-29T19:32:43","slug":"kalkulacka-uspornosti","status":"publish","type":"page","link":"https:\/\/www.teslaestorage.eu\/hu\/kalkulacka-uspornosti\/","title":{"rendered":"Hat\u00e9konys\u00e1gi kalkul\u00e1tor"},"content":{"rendered":"","protected":false},"excerpt":{"rendered":"","protected":false},"author":2,"featured_media":0,"parent":0,"menu_order":0,"comment_status":"closed","ping_status":"closed","template":"","meta":{"footnotes":""},"class_list":["post-2856","page","type-page","status-publish","hentry"],"acf":[],"_links":{"self":[{"href":"https:\/\/www.teslaestorage.eu\/hu\/wp-json\/wp\/v2\/pages\/2856","targetHints":{"allow":["GET"]}}],"collection":[{"href":"https:\/\/www.teslaestorage.eu\/hu\/wp-json\/wp\/v2\/pages"}],"about":[{"href":"https:\/\/www.teslaestorage.eu\/hu\/wp-json\/wp\/v2\/types\/page"}],"author":[{"embeddable":true,"href":"https:\/\/www.teslaestorage.eu\/hu\/wp-json\/wp\/v2\/users\/2"}],"replies":[{"embeddable":true,"href":"https:\/\/www.teslaestorage.eu\/hu\/wp-json\/wp\/v2\/comments?post=2856"}],"version-history":[{"count":4,"href":"https:\/\/www.teslaestorage.eu\/hu\/wp-json\/wp\/v2\/pages\/2856\/revisions"}],"predecessor-version":[{"id":7471,"href":"https:\/\/www.teslaestorage.eu\/hu\/wp-json\/wp\/v2\/pages\/2856\/revisions\/7471"}],"wp:attachment":[{"href":"https:\/\/www.teslaestorage.eu\/hu\/wp-json\/wp\/v2\/media?parent=2856"}],"curies":[{"name":"wp","href":"https:\/\/api.w.org\/{rel}","templated":true}]}}