{"id":3075,"date":"2024-07-16T10:49:44","date_gmt":"2024-07-16T08:49:44","guid":{"rendered":"https:\/\/www.teslaestorage.eu\/datenschutzbestimmungen-gpdr\/"},"modified":"2024-10-23T14:36:26","modified_gmt":"2024-10-23T12:36:26","slug":"datenschutzbestimmungen-gpdr","status":"publish","type":"page","link":"https:\/\/www.teslaestorage.eu\/de\/datenschutzbestimmungen-gpdr\/","title":{"rendered":"DATENSCHUTZBESTIMMUNGEN (GPDR)"},"content":{"rendered":"\n<h2 class=\"wp-block-heading\"><strong>I .Datenschutzbestimmungen<\/strong><\/h2>\n\n<p>1.1. Odoslan\u00edm objedn\u00e1vky z internetov\u00e9ho objedn\u00e1vkov\u00e9ho formul\u00e1ra na dod\u00e1vku slu\u017eieb, alebo uveden\u00edm svojej emailovej adresy pre z\u00edskanie konkr\u00e9tnych inform\u00e1ci\u00ed do po\u013ea na to ur\u010den\u00e9ho u\u017e\u00edvate\u013e potvrdzuje, \u017ee je obozn\u00e1men\u00fd s podmienkami ochrany osobn\u00fdch \u00fadajov, \u017ee vyjadruje svoj s\u00fahlas s ich znen\u00edm, a \u017ee ich v celom rozsahu akceptuje. <\/p>\n\n<p>1.2 Der Anbieter ist der f\u00fcr die personenbezogenen Daten der Nutzer Verantwortliche im Sinne von Artikel 4 Absatz 7 der Verordnung. (EU) 2016\/679 des Europ\u00e4ischen Parlaments und des Rates zum Schutz nat\u00fcrlicher Personen bei der Verarbeitung personenbezogener Daten, zum freien Datenverkehr und zur Aufhebung der Richtlinie 95\/46\/EG (im Folgenden: &#8220;DSGVO&#8221;). Der Provider verpflichtet sich, personenbezogene Daten in \u00dcbereinstimmung mit dem Gesetz, insbesondere der GDPR, zu verarbeiten.   <\/p>\n\n<p>1.3. Osobn\u00fdmi \u00fadajmi s\u00fa ak\u00e9ko\u013evek inform\u00e1cie o identifikovanej alebo identifikovate\u013enej fyzickej osobe; identifikovate\u013enou fyzickou osobou je fyzick\u00e1 osoba, ktor\u00fa je mo\u017en\u00e9 priamo alebo nepriamo identifikova\u0165, najm\u00e4 s odkazom na ur\u010dit\u00fd identifik\u00e1tor, napr\u00edklad meno, identifika\u010dn\u00e9 \u010d\u00edslo, lokaliza\u010dn\u00e9 \u00fadaje, sie\u0165ov\u00fd identifik\u00e1tor alebo na jeden \u010di viac zvl\u00e1\u0161tnych prvkov fyzickej, fyziologickej, genetickej, psychickej, ekonomickej, kult\u00farnej alebo spolo\u010denskej identity tejto fyzickej osoby. <\/p>\n\n<p>1.4 Bei der Aufgabe einer Bestellung oder der Zusendung von Informationen per E-Mail mit Zustimmung des Kunden werden personenbezogene Daten ben\u00f6tigt, die f\u00fcr die erfolgreiche Bearbeitung der Anfrage oder Bestellung erforderlich sind (Name und Adresse, Kontakt). Der Zweck der Verarbeitung personenbezogener Daten ist die Bearbeitung der Bestellung des Nutzers und die Aus\u00fcbung der Rechte und Pflichten, die sich aus dem Vertragsverh\u00e4ltnis zwischen dem Anbieter und dem Nutzer ergeben. Der Zweck der Verarbeitung personenbezogener Daten ist auch die Zusendung kommerzieller Informationen und anderer Marketingaktivit\u00e4ten. Die rechtm\u00e4\u00dfigen Gr\u00fcnde f\u00fcr die Verarbeitung personenbezogener Daten sind die Erf\u00fcllung eines Vertrags gem\u00e4\u00df Artikel 6 Absatz 1 Buchstabe b) DSGVO, die Erf\u00fcllung einer rechtlichen Verpflichtung des f\u00fcr die Verarbeitung Verantwortlichen gem\u00e4\u00df Artikel 6 Absatz 1 Buchstabe c) DSGVO und das berechtigte Interesse des Providers gem\u00e4\u00df Artikel 6 Absatz 1 Buchstabe f) DSGVO. Das berechtigte Interesse des Anbieters ist die Verarbeitung personenbezogener Daten f\u00fcr Direktmarketingzwecke.             <\/p>\n\n<p>1.5 F\u00fcr die Erf\u00fcllung des Lizenzvertrags nimmt der Provider die Dienste von Subunternehmern in Anspruch, insbesondere von E-Mail-Dienstleistern (personenbezogene Daten k\u00f6nnen in Drittl\u00e4ndern gespeichert werden) und Webhosting-Anbietern. Die Unterauftragnehmer werden auf die sichere Verarbeitung personenbezogener Daten \u00fcberpr\u00fcft. Der Anbieter und der Webhosting-Subunternehmer haben einen Vertrag \u00fcber die Verarbeitung personenbezogener Daten abgeschlossen, wonach der Subunternehmer f\u00fcr die ordnungsgem\u00e4\u00dfe Sicherheit des physischen, Hardware- und Software-Perimeters verantwortlich ist und daher dem Nutzer gegen\u00fcber direkt f\u00fcr jede Verletzung des Schutzes personenbezogener Daten haftet.  <\/p>\n\n<p>1.6 Der Anbieter speichert die personenbezogenen Daten des Nutzers f\u00fcr den Zeitraum, der f\u00fcr die Aus\u00fcbung der Rechte und Pflichten aus dem Vertragsverh\u00e4ltnis zwischen dem Anbieter und dem Nutzer sowie f\u00fcr die Geltendmachung von Anspr\u00fcchen aus diesen Vertragsverh\u00e4ltnissen erforderlich ist (f\u00fcr einen Zeitraum von 15 Jahren nach Beendigung des Vertragsverh\u00e4ltnisses).<\/p>\n\n<p>1.7 Der Nutzer hat das Recht, vom Anbieter Zugang zu seinen personenbezogenen Daten gem\u00e4\u00df Artikel 15 DSGVO, die Berichtigung der personenbezogenen Daten gem\u00e4\u00df Artikel 16 DSGVO oder die Einschr\u00e4nkung der Verarbeitung gem\u00e4\u00df Artikel 18 DSGVO zu verlangen. Der Nutzer hat das Recht auf L\u00f6schung seiner personenbezogenen Daten gem\u00e4\u00df Artikel 17 Absatz 1 Buchstabe a) und c) bis f) der DSGVO. Dar\u00fcber hinaus hat der Nutzer das Recht auf Widerspruch gegen die Verarbeitung gem\u00e4\u00df Artikel 21 GDPR und das Recht auf Daten\u00fcbertragbarkeit gem\u00e4\u00df Artikel 20 GDPR.          <\/p>\n\n<p>1.8 Der Nutzer hat das Recht, eine Beschwerde bei der Datenschutzbeh\u00f6rde einzureichen, wenn er der Meinung ist, dass sein Recht auf den Schutz personenbezogener Daten verletzt worden ist.<\/p>\n\n<p>1.9 Der Nutzer ist nicht verpflichtet, personenbezogene Daten bereitzustellen. Die Bereitstellung personenbezogener Daten ist jedoch eine notwendige Voraussetzung f\u00fcr den Abschluss und die Erf\u00fcllung des Vertrags, und ohne die Bereitstellung personenbezogener Daten kann der Vertrag vom Anbieter nicht abgeschlossen oder erf\u00fcllt werden. <\/p>\n\n<p>1.10 Es gibt keine automatische individuelle Entscheidungsfindung auf Seiten des Anbieters im Sinne von Nr. 22 DSGVO. <\/p>\n\n<p>1.11 Sie m\u00f6chten die Dienste des Anbieters nutzen, indem Sie das Kontaktformular ausf\u00fcllen:<\/p>\n\n<p>1.12 stimmt der Verwendung seiner personenbezogenen Daten zum Zwecke der elektronischen \u00dcbermittlung von kommerziellen Angeboten, Werbematerialien, Direktverk\u00e4ufen, Marktumfragen und direkten Produktangeboten durch den Anbieter und Dritte zu, jedoch nicht h\u00e4ufiger als einmal pro Woche, und erkl\u00e4rt au\u00dferdem, dass er die \u00dcbermittlung von Informationen gem\u00e4\u00df Punkt 1.11.1 nicht als unerw\u00fcnschte Werbung ansieht, da der Nutzer der \u00dcbermittlung von Informationen gem\u00e4\u00df Punkt 1.11.1 ausdr\u00fccklich zustimmt. Der Nutzer kann seine Zustimmung gem\u00e4\u00df diesem Absatz jederzeit schriftlich unter sales@teslaeh.eu widerrufen. <\/p>\n\n<p>1.12 Der Anbieter verwendet in seiner Pr\u00e4sentation sogenannte Cookies, um die Qualit\u00e4t des Dienstes zu verbessern, das Angebot zu personalisieren, anonyme Daten zu sammeln und f\u00fcr analytische Zwecke.<br\/>Durch die Nutzung der Website erkl\u00e4rt sich der Nutzer mit der Verwendung der oben genannten Technologie einverstanden. Notwendige Cookies &#8211; Cookies, die f\u00fcr den Betrieb der Website und der Internetdienste unbedingt erforderlich sind.<br\/>F\u00fcr die Verwendung dieser Cookies ist keine Zustimmung erforderlich. Analytische und Marketing-Cookies &#8211; F\u00fcr die Verwendung anderer Cookies ist eine Zustimmung erforderlich. Cookies, die in diese Kategorie fallen, werden haupts\u00e4chlich zur anonymen Verfolgung des Benutzerverkehrs und der Aktivit\u00e4ten auf unserer Website verwendet. So k\u00f6nnen wir nachvollziehen, was unseren Kunden gef\u00e4llt und unseren Service verbessern.    <\/p>\n\n<p><br\/><br\/><br\/>1.12.1 Im Einzelnen verwenden wir folgende Cookies: Notwendige Cookies Analytische Cookies Marketing-Cookies<\/p>\n\n<p>Der Provider erkl\u00e4rt hiermit, dass der Schutz personenbezogener Daten den internen Sicherheitsvorschriften des Providers unterliegt.<\/p>\n\n<p>Nur befugte Personen des Anbieters und der Unterauftragnehmer gem\u00e4\u00df Artikel 2.8 dieser Gesch\u00e4ftsbedingungen, die die vom Anbieter festgelegten Bedingungen und den Umfang der Datenverarbeitung haben, haben Zugang zu den personenbezogenen Daten, und jede dieser Personen hat unter ihrer eigenen Kennung Zugang zu den personenbezogenen Daten. <\/p>\n\n<p>Die bevollm\u00e4chtigten Personen des Anbieters, die personenbezogene Daten gem\u00e4\u00df diesen Gesch\u00e4ftsbedingungen verarbeiten, sind verpflichtet, die Vertraulichkeit der personenbezogenen Daten und der Sicherheitsma\u00dfnahmen zu wahren, deren Offenlegung ihre Sicherheit gef\u00e4hrden w\u00fcrde. Der Anbieter stellt sicher, dass sie sich nachweislich an diese Verpflichtung halten. Der Anbieter stellt sicher, dass diese Verpflichtung f\u00fcr den Anbieter und die Beg\u00fcnstigten auch nach Beendigung des Arbeitsverh\u00e4ltnisses oder einer anderen Beziehung zum Anbieter fortbesteht.  <\/p>\n\n<p>Der Anbieter unterst\u00fctzt den Nutzer durch geeignete technische und organisatorische Ma\u00dfnahmen, soweit dies m\u00f6glich ist, bei der Erf\u00fcllung der Verpflichtung des Nutzers, auf eine Anfrage zur Aus\u00fcbung der in der DSGVO festgelegten Rechte der betroffenen Person zu antworten, sowie bei der Sicherstellung der Einhaltung der Verpflichtungen gem\u00e4\u00df Artikel 32 bis 36 der DSGVO, wobei die Art der Verarbeitung und die dem Anbieter zur Verf\u00fcgung stehenden Informationen ber\u00fccksichtigt werden. <\/p>\n\n<p><strong>II. Schlussbestimmungen <\/strong><\/p>\n\n<p>2.1 Diese Bedingungen treten mit dem Ablauf der in Klausel 1.6 dieser Bedingungen genannten Frist in Kraft <\/p>\n\n<p>2.2 Der Nutzer erkl\u00e4rt sich mit diesen Bedingungen einverstanden, indem er \u00fcber das Online-Formular das Zustimmungsfeld ankreuzt oder seine E-Mail-Adresse angibt, an die er die Zusendung von Informationen w\u00fcnscht. Damit bringt der Nutzer zum Ausdruck, dass er diese Bedingungen gelesen hat, ihnen zustimmt und sie in ihrer Gesamtheit annimmt. <\/p>\n\n<p>2.3 Der Anbieter ist berechtigt, diese Bedingungen zu \u00e4ndern. Der Anbieter ist verpflichtet, die neue Version der Bedingungen unverz\u00fcglich auf seiner Website zu ver\u00f6ffentlichen oder die neue Version an die E-Mail-Adresse des Nutzers zu senden. <\/p>\n\n<p>2.4. Kontaktn\u00e9 \u00fadaje poskytovate\u013ea vo veciach t\u00fdkaj\u00facich sa t\u00fdchto podmienok: <strong>+421911101073, sales@teslaeh.eu<\/strong> <\/p>\n\n<p>2.5 Beziehungen, die nicht ausdr\u00fccklich in diesen Bedingungen geregelt sind, unterliegen dem GDPR und den Gesetzen der Slowakischen Republik.<\/p>\n\n<p><strong>Diese Bedingungen treten am 31.1.2024 in Kraft.<\/strong><\/p>\n\n<p><strong>www.teslaeg.eu<\/strong><\/p>\n","protected":false},"excerpt":{"rendered":"<p>I .Datenschutzbestimmungen 1.1. Odoslan\u00edm objedn\u00e1vky z internetov\u00e9ho objedn\u00e1vkov\u00e9ho formul\u00e1ra na dod\u00e1vku slu\u017eieb, alebo uveden\u00edm svojej emailovej adresy pre z\u00edskanie konkr\u00e9tnych inform\u00e1ci\u00ed do po\u013ea na to ur\u010den\u00e9ho u\u017e\u00edvate\u013e potvrdzuje, \u017ee je obozn\u00e1men\u00fd s podmienkami ochrany osobn\u00fdch \u00fadajov, \u017ee vyjadruje svoj s\u00fahlas s ich znen\u00edm, a \u017ee ich v celom rozsahu akceptuje. 1.2 Der Anbieter ist der [&hellip;]<\/p>\n","protected":false},"author":1,"featured_media":0,"parent":0,"menu_order":0,"comment_status":"closed","ping_status":"open","template":"","meta":{"footnotes":""},"class_list":["post-3075","page","type-page","status-publish","hentry"],"acf":[],"_links":{"self":[{"href":"https:\/\/www.teslaestorage.eu\/de\/wp-json\/wp\/v2\/pages\/3075","targetHints":{"allow":["GET"]}}],"collection":[{"href":"https:\/\/www.teslaestorage.eu\/de\/wp-json\/wp\/v2\/pages"}],"about":[{"href":"https:\/\/www.teslaestorage.eu\/de\/wp-json\/wp\/v2\/types\/page"}],"author":[{"embeddable":true,"href":"https:\/\/www.teslaestorage.eu\/de\/wp-json\/wp\/v2\/users\/1"}],"replies":[{"embeddable":true,"href":"https:\/\/www.teslaestorage.eu\/de\/wp-json\/wp\/v2\/comments?post=3075"}],"version-history":[{"count":2,"href":"https:\/\/www.teslaestorage.eu\/de\/wp-json\/wp\/v2\/pages\/3075\/revisions"}],"predecessor-version":[{"id":3205,"href":"https:\/\/www.teslaestorage.eu\/de\/wp-json\/wp\/v2\/pages\/3075\/revisions\/3205"}],"wp:attachment":[{"href":"https:\/\/www.teslaestorage.eu\/de\/wp-json\/wp\/v2\/media?parent=3075"}],"curies":[{"name":"wp","href":"https:\/\/api.w.org\/{rel}","templated":true}]}}