{"id":3045,"date":"2024-10-15T23:06:54","date_gmt":"2024-10-15T21:06:54","guid":{"rendered":"https:\/\/www.teslaestorage.eu\/cookie-einstellungen\/"},"modified":"2024-10-23T14:36:00","modified_gmt":"2024-10-23T12:36:00","slug":"cookie-einstellungen","status":"publish","type":"page","link":"https:\/\/www.teslaestorage.eu\/de\/cookie-einstellungen\/","title":{"rendered":"Cookie-Einstellungen"},"content":{"rendered":"\n<p><strong>Ihre Zustimmung bezieht sich auf folgende Bereiche: www.teslaeg.eu<\/strong><\/p>\n\n<p>Die Website der <strong>Tesla Energy Group <\/strong>verwendet Cookies. Wir verwenden Cookies, um Inhalte und Anzeigen zu personalisieren, Funktionen f\u00fcr soziale Medien bereitzustellen, den Datenverkehr zu analysieren und die Website zu verbessern. Wir geben auch Informationen dar\u00fcber, wie Sie unsere Website nutzen, an unsere Partner f\u00fcr soziale Medien, Werbung und Analysen weiter. Diese Partner k\u00f6nnen die entsprechenden Informationen mit anderen Informationen kombinieren, die Sie ihnen zur Verf\u00fcgung gestellt haben oder die sie von Ihnen gesammelt haben, als Sie ihre Dienste genutzt haben. Wenn Sie unsere Website weiter nutzen, stimmen Sie der Verwendung von Cookies auf unserer Website zu.    <\/p>\n\n<p>Cookies sind kleine Textdateien, die von Websites verwendet werden k\u00f6nnen, um die Erfahrung des Benutzers effizienter zu gestalten.<\/p>\n\n<p>Das Gesetz besagt, dass wir Cookies auf Ihrem Ger\u00e4t speichern d\u00fcrfen, wenn sie f\u00fcr den Betrieb dieser Website erforderlich sind. F\u00fcr alle anderen Arten von Cookies ben\u00f6tigen wir Ihre Zustimmung. <\/p>\n\n<p>Diese Website verwendet verschiedene Arten von Cookies. Einige Cookies werden von Diensten Dritter gesetzt, die auf unserer Seite erscheinen. <\/p>\n\n<p>Sie k\u00f6nnen Ihre Zustimmung zu dieser Cookie-Richtlinie jederzeit auf unserer Website \u00e4ndern oder widerrufen.<\/p>\n\n<p>In unseren <a href=\"https:\/\/www.teslaestorage.eu\/ochrana-sukromia\/\" target=\"_blank\" rel=\"noreferrer noopener\">Datenschutzbestimmungen<\/a> erfahren Sie mehr dar\u00fcber, wer wir sind, wie Sie uns kontaktieren k\u00f6nnen und wie wir personenbezogene Daten verarbeiten.<\/p>\n\n<p>Erforderlich (6)<\/p>\n\n<p>Streng notwendige Cookies erm\u00f6glichen wesentliche Funktionen wie die Navigation auf der Website und den Zugang zu gesch\u00fctzten Bereichen der Website. Die Website kann ohne diese Cookies nicht richtig funktionieren. <\/p>\n\n<figure class=\"wp-block-table\"><table class=\"has-fixed-layout\"><thead><tr><td><strong>Name<\/strong><\/td><td><strong>Anbieter<\/strong><\/td><td><strong>Zweck<\/strong><\/td><td><strong>G\u00fcltigkeit bis<\/strong><\/td><td><strong>Typ<\/strong><\/td><\/tr><\/thead><tbody><tr><td>_grecaptcha<\/td><td>teslaeg.eu<\/td><td>Dieses Cookie wird verwendet, um zwischen Menschen und Robotern zu unterscheiden. Diese Unterscheidung ist wesentlich f\u00fcr die Genauigkeit und Relevanz der Auswertung von Analyse- und Marketingdaten. <\/td><td>Persistent<\/td><td>HTML Lokaler Speicher<\/td><\/tr><tr><td>ZUSTIMMUNG  [x2]<\/td><td>google.com<br\/>youtube.com<\/td><td>Es wird verwendet, um festzustellen, ob ein Besucher eine Marketingkategorie in der Cookie-Leiste akzeptiert hat. Dieses Cookie ist f\u00fcr die Einhaltung der GDPR erforderlich. <\/td><td>2 Jahre<\/td><td>HTTP-Cookie<\/td><\/tr><tr><td>RealCookies<\/td><td>teslaeg.eu<\/td><td>Speichert den Cookie-Zustimmungsstatus des Benutzers f\u00fcr die aktuelle Domain.<\/td><td>1 Jahr<\/td><td>HTTP-Cookie<\/td><\/tr><tr><td>rc::a<\/td><td>google.de<\/td><td>Dieses Cookie wird verwendet, um zwischen Menschen und Robotern zu unterscheiden. Diese Unterscheidung ist wesentlich f\u00fcr die Genauigkeit und Relevanz der Auswertung von Analyse- und Marketingdaten. <\/td><td>Persistent<\/td><td>HTML Lokaler Speicher<\/td><\/tr><tr><td>rc::b<\/td><td>google.de<\/td><td>Dieses Cookie wird verwendet, um zwischen Menschen und Robotern zu unterscheiden.<\/td><td>Sitzung<\/td><td>HTML Lokaler Speicher<\/td><\/tr><\/tbody><\/table><\/figure>\n\n<p>Statistisch (5)<\/p>\n\n<p>Statistische Cookies helfen uns, besser zu verstehen, wer unsere Website besucht und welche Seiten am h\u00e4ufigsten gesucht und angesehen werden.<\/p>\n\n<figure class=\"wp-block-table\"><table class=\"has-fixed-layout\"><thead><tr><td><strong>Name<\/strong><\/td><td><strong>Anbieter<\/strong><\/td><td><strong>Zweck<\/strong><\/td><td><strong>G\u00fcltigkeit bis<\/strong><\/td><td><strong>Typ<\/strong><\/td><\/tr><\/thead><tbody><tr><td>_ga<\/td><td>teslaeg.eu<\/td><td>Registriert eine eindeutige ID, die verwendet wird, um Statistiken dar\u00fcber zu erstellen, wie der Besucher die Website nutzt.<\/td><td>399 Tage<\/td><td>HTTP-Cookie<\/td><\/tr><tr><td>_ga_#<\/td><td>teslaeg.eu<\/td><td>Sie wird in Google Analytics verwendet, um Daten \u00fcber die Anzahl der Besuche eines Nutzers auf einer Website sowie das Datum des ersten und letzten Besuchs zu sammeln.<\/td><td>399 Tage<\/td><td>HTTP-Cookie<\/td><\/tr><tr><td>_gat<\/td><td>teslaeg.eu<\/td><td>Wird von Google Analytics verwendet, um die Anzahl der Anfragen zu reduzieren<\/td><td>1 Tag<\/td><td>HTTP-Cookie<\/td><\/tr><tr><td>_gid<\/td><td>teslaeg.eu<\/td><td>Registriert eine eindeutige ID, die verwendet wird, um Statistiken dar\u00fcber zu erstellen, wie der Besucher die Website nutzt.<\/td><td>1 Tag<\/td><td>HTTP-Cookie<\/td><\/tr><tr><td>sammeln<\/td><td>google-analytics.com<\/td><td>Es wird verwendet, um Daten \u00fcber das Ger\u00e4t und das Verhalten des Besuchers an Google Analytics zu senden. Es verfolgt den Besucher \u00fcber alle Ger\u00e4te und Marketingkan\u00e4le hinweg. <\/td><td>Sitzung<\/td><td>Pixel Tracker<\/td><\/tr><\/tbody><\/table><\/figure>\n\n<p>Marketing (22)<\/p>\n\n<p>Marketing-Cookies werden verwendet, um Werbung und Angebote zu schalten, die f\u00fcr den einzelnen Nutzer relevant und ansprechend sind.<\/p>\n\n<figure class=\"wp-block-table\"><table class=\"has-fixed-layout\"><thead><tr><td><strong>Name<\/strong><\/td><td><strong>Anbieter<\/strong><\/td><td><strong>Zweck<\/strong><\/td><td><strong>G\u00fcltigkeit bis<\/strong><\/td><td><strong>Typ<\/strong><\/td><\/tr><\/thead><tbody><tr><td>_fbp<\/td><td>teslaeg.eu<\/td><td>Es wird von Facebook verwendet, um eine Reihe von Werbeprodukten auszuliefern, wie z.B. Echtzeitangebote von Drittanbietern.<\/td><td>3 Monate<\/td><td>HTTP-Cookie<\/td><\/tr><tr><td>_gcl_au<\/td><td>teslaeg.eu<\/td><td>Sie wird von Google AdSense verwendet, um die Effektivit\u00e4t von Werbung auf Websites zu testen, die ihren Service nutzen.<\/td><td>3 Monate<\/td><td>HTTP-Cookie<\/td><\/tr><tr><td>_GRECAPTCHA<\/td><td>google.de<\/td><td>Dieses Cookie wird verwendet, um zwischen Menschen und Robotern zu unterscheiden. Diese Unterscheidung ist wesentlich f\u00fcr die Genauigkeit und Relevanz der Auswertung von Analyse- und Marketingdaten. <\/td><td>179 Tage<\/td><td>HTTP-Cookie<\/td><\/tr><tr><td>IDE<\/td><td>doubleclick.net<\/td><td>Sie wird von Google DoubleClick verwendet, um die Aktionen eines Website-Benutzers nach dem Betrachten oder Anklicken einer Anzeige des Werbetreibenden zu registrieren und zu melden, um die Wirksamkeit der Anzeige zu messen und dem Benutzer gezielte Werbung zu pr\u00e4sentieren.<\/td><td>1 Jahr<\/td><td>HTTP-Cookie<\/td><\/tr><tr><td>pagead\/1p-user-list\/#<\/td><td>google.de<\/td><td>Es verfolgt, ob ein Benutzer auf mehreren Websites Interesse an bestimmten Produkten oder Veranstaltungen bekundet hat und erkennt, wie ein Benutzer zwischen den Seiten wechselt. Es wird verwendet, um Werbema\u00dfnahmen zu messen und erleichtert die Zahlung von Vermittlungsgeb\u00fchren zwischen Websites. <\/td><td>Sitzung<\/td><td>Pixel Tracker<\/td><\/tr><tr><td>Paging  [x2]<\/td><td>doubleclick.net<br\/>google.com<\/td><td>Es sammelt Daten zum Besucherverhalten von mehreren Websites, um relevantere Werbung zu pr\u00e4sentieren. Au\u00dferdem k\u00f6nnen Sie die Anzahl der Anzeigen, die Sie sehen, begrenzen. <\/td><td>Sitzung<\/td><td>Pixel Tracker<\/td><\/tr><tr><td>rc::c<\/td><td>google.de<\/td><td>Dieses Cookie wird verwendet, um zwischen Menschen und Robotern zu unterscheiden.<\/td><td>Sitzung<\/td><td>HTML Lokaler Speicher<\/td><\/tr><tr><td>rc::f<\/td><td>google.de<\/td><td>Genehmigung ausstehend<\/td><td>Persistent<\/td><td>HTML Lokaler Speicher<\/td><\/tr><tr><td>test_cookie<\/td><td>doubleclick.net<\/td><td>Es wird verwendet, um zu pr\u00fcfen, ob der Browser des Benutzers Cookies unterst\u00fctzt.<\/td><td>1 Tag<\/td><td>HTTP-Cookie<\/td><\/tr><tr><td>VISITOR_INFO1_LIVE<\/td><td>youtube.com<\/td><td>Es versucht, die Bandbreite von Nutzern auf Websites mit integrierten YouTube-Videos zu sch\u00e4tzen.<\/td><td>179 Tage<\/td><td>HTTP-Cookie<\/td><\/tr><tr><td>YSC<\/td><td>youtube.com<\/td><td>Registriert eine eindeutige ID, um Statistiken dar\u00fcber zu f\u00fchren, welche YouTube-Videos der Benutzer gesehen hat.<\/td><td>Sitzung<\/td><td>HTTP-Cookie<\/td><\/tr><tr><td>yt.innertube::nextId<\/td><td>youtube.com<\/td><td>Registriert eine eindeutige ID, um Statistiken dar\u00fcber zu f\u00fchren, welche Videos von YouTube der Benutzer gesehen hat.<\/td><td>Persistent<\/td><td>HTML Lokaler Speicher<\/td><\/tr><tr><td>yt.innertube::Anfragen<\/td><td>youtube.com<\/td><td>Registriert eine eindeutige ID, um Statistiken dar\u00fcber zu f\u00fchren, welche Videos von YouTube der Benutzer gesehen hat.<\/td><td>Persistent<\/td><td>HTML Lokaler Speicher<\/td><\/tr><tr><td>ytidb::LAST_RESULT_ENTRY_KEY<\/td><td>youtube.com<\/td><td>Speichert die Einstellungen des Benutzers f\u00fcr den Videoplayer mit einem eingebetteten YouTube-Video<\/td><td>Persistent<\/td><td>HTML Lokaler Speicher<\/td><\/tr><tr><td>yt-remote-cast-available<\/td><td>youtube.com<\/td><td>Speichert die Einstellungen des Benutzers f\u00fcr den Videoplayer mit einem eingebetteten YouTube-Video<\/td><td>Sitzung<\/td><td>HTML Lokaler Speicher<\/td><\/tr><tr><td>yt-remote-cast-installed<\/td><td>youtube.com<\/td><td>Speichert die Einstellungen des Benutzers f\u00fcr den Videoplayer mit einem eingebetteten YouTube-Video<\/td><td>Sitzung<\/td><td>HTML Lokaler Speicher<\/td><\/tr><tr><td>yt-remote-connected-devices<\/td><td>youtube.com<\/td><td>Speichert die Einstellungen des Benutzers f\u00fcr den Videoplayer mit einem eingebetteten YouTube-Video<\/td><td>Persistent<\/td><td>HTML Lokaler Speicher<\/td><\/tr><tr><td>yt-remote-device-id<\/td><td>youtube.com<\/td><td>Speichert die Einstellungen des Benutzers f\u00fcr den Videoplayer mit einem eingebetteten YouTube-Video<\/td><td>Persistent<\/td><td>HTML Lokaler Speicher<\/td><\/tr><tr><td>yt-remote-fast-check-period<\/td><td>youtube.com<\/td><td>Speichert die Einstellungen des Benutzers f\u00fcr den Videoplayer mit einem eingebetteten YouTube-Video<\/td><td>Sitzung<\/td><td>HTML Lokaler Speicher<\/td><\/tr><tr><td>yt-remote-session-app<\/td><td>youtube.com<\/td><td>Speichert die Einstellungen des Benutzers f\u00fcr den Videoplayer mit einem eingebetteten YouTube-Video<\/td><td>Sitzung<\/td><td>HTML Lokaler Speicher<\/td><\/tr><tr><td>yt-remote-session-name<\/td><td>youtube.com<\/td><td>Speichert die Einstellungen des Benutzers f\u00fcr den Videoplayer mit einem eingebetteten YouTube-Video<\/td><td>Sitzung<\/td><td>HTML Lokaler Speicher<\/td><\/tr><\/tbody><\/table><\/figure>\n\n<p>www<\/p>\n\n<p><strong>Analytische Cookies<\/strong><\/p>\n\n<p>Wir verwenden diese Dateien ausschlie\u00dflich zu internen Forschungszwecken, um herauszufinden, wie wir den Service, den wir allen unseren Nutzern bieten, verbessern k\u00f6nnen.<\/p>\n\n<p>Diese Cookies werten nur aus, wie Sie mit unserer Website interagieren &#8211; als anonymer Benutzer<strong>(die erfassten Daten identifizieren Sie nicht pers\u00f6nlich<\/strong>).<\/p>\n\n<p>Diese Daten werden <strong>nicht an Dritte weitergegeben<\/strong> oder f\u00fcr andere Zwecke verwendet. Anonymisierte Statistiken k\u00f6nnen im Rahmen einer vertraglichen Vereinbarung mit der Kommission an Auftragnehmer weitergegeben werden, die an Kommunikationsprojekten arbeiten. <\/p>\n\n<p><strong>Sie k\u00f6nnen<\/strong> diese Art von Cookies jedoch <strong>ablehnen<\/strong>, entweder \u00fcber einen Cookie-Banner, der auf der ersten von Ihnen besuchten Seite erscheint<\/p>\n\n<p><strong>Wie k\u00f6nnen Sie Cookies verwalten?<\/strong><\/p>\n\n<p><strong>Entfernen von Cookies von Ihrem Ger\u00e4t<\/strong><\/p>\n\n<p>Indem Sie Ihren Browserverlauf l\u00f6schen, k\u00f6nnen Sie alle Cookies l\u00f6schen, die sich bereits auf Ihrem Ger\u00e4t befinden. Dadurch werden alle Cookies von allen Websites, die Sie besuchen, entfernt. <\/p>\n\n<p>Bitte beachten Sie jedoch, dass Sie auch einige Ihrer gespeicherten Informationen verlieren k\u00f6nnen (z.B. gespeicherte Anmeldedaten, Website-Einstellungen).<\/p>\n\n<p><strong>Verwaltung von Cookies, die f\u00fcr die Website spezifisch sind<\/strong><\/p>\n\n<p>Genauere Informationen \u00fcber Cookies, die f\u00fcr eine bestimmte Website spezifisch sind, finden Sie in den Datenschutz- und Cookie-Einstellungen Ihres bevorzugten Browsers.<\/p>\n\n<p><strong>Cookies blockieren<\/strong><\/p>\n\n<p>Sie k\u00f6nnen die meisten modernen Browser so einstellen, dass sie die Speicherung aller Cookies auf Ihrem Ger\u00e4t verhindern; in diesem Fall m\u00fcssen Sie jedoch m\u00f6glicherweise einige Einstellungen bei jedem Besuch einer Website\/Webseite manuell anpassen. Au\u00dferdem funktionieren einige Dienste und Funktionen m\u00f6glicherweise nicht richtig (z.B. die Profilanmeldung). <\/p>\n\n<p><strong>Verwaltung unserer Analyse-Cookies<\/strong><\/p>\n\n<p>Sie k\u00f6nnen Ihre Einstellungen bez\u00fcglich der von Europa Analytics gespeicherten Cookies auf einer speziellen Seite verwalten<\/p>\n","protected":false},"excerpt":{"rendered":"<p>Ihre Zustimmung bezieht sich auf folgende Bereiche: www.teslaeg.eu Die Website der Tesla Energy Group verwendet Cookies. Wir verwenden Cookies, um Inhalte und Anzeigen zu personalisieren, Funktionen f\u00fcr soziale Medien bereitzustellen, den Datenverkehr zu analysieren und die Website zu verbessern. Wir geben auch Informationen dar\u00fcber, wie Sie unsere Website nutzen, an unsere Partner f\u00fcr soziale Medien, [&hellip;]<\/p>\n","protected":false},"author":2,"featured_media":0,"parent":0,"menu_order":0,"comment_status":"closed","ping_status":"closed","template":"","meta":{"footnotes":""},"class_list":["post-3045","page","type-page","status-publish","hentry"],"acf":[],"_links":{"self":[{"href":"https:\/\/www.teslaestorage.eu\/de\/wp-json\/wp\/v2\/pages\/3045","targetHints":{"allow":["GET"]}}],"collection":[{"href":"https:\/\/www.teslaestorage.eu\/de\/wp-json\/wp\/v2\/pages"}],"about":[{"href":"https:\/\/www.teslaestorage.eu\/de\/wp-json\/wp\/v2\/types\/page"}],"author":[{"embeddable":true,"href":"https:\/\/www.teslaestorage.eu\/de\/wp-json\/wp\/v2\/users\/2"}],"replies":[{"embeddable":true,"href":"https:\/\/www.teslaestorage.eu\/de\/wp-json\/wp\/v2\/comments?post=3045"}],"version-history":[{"count":2,"href":"https:\/\/www.teslaestorage.eu\/de\/wp-json\/wp\/v2\/pages\/3045\/revisions"}],"predecessor-version":[{"id":3204,"href":"https:\/\/www.teslaestorage.eu\/de\/wp-json\/wp\/v2\/pages\/3045\/revisions\/3204"}],"wp:attachment":[{"href":"https:\/\/www.teslaestorage.eu\/de\/wp-json\/wp\/v2\/media?parent=3045"}],"curies":[{"name":"wp","href":"https:\/\/api.w.org\/{rel}","templated":true}]}}